{"id":279,"date":"2024-10-16T16:16:06","date_gmt":"2024-10-16T16:16:06","guid":{"rendered":"https:\/\/nonoshow.fr\/?page_id=279"},"modified":"2024-10-16T16:22:10","modified_gmt":"2024-10-16T16:22:10","slug":"mentions-legales","status":"publish","type":"page","link":"https:\/\/nonoshow.fr\/index.php\/mentions-legales\/","title":{"rendered":"Mentions l\u00e9gales"},"content":{"rendered":"<p>[vc_row css=\u00a0\u00bb.vc_custom_1729095725657{margin: 20px !important;}\u00a0\u00bb][vc_column][vc_column_text]<\/p>\n\n\n\n\n<h3 class=\"wp-block-heading\">Mentions L\u00e9gales<\/h3>\n\n\n\n<p><strong>Ce site a \u00e9t\u00e9 con\u00e7u et r\u00e9alis\u00e9 par<\/strong> Nonoshow<\/p>\n\n\n<h4 class=\"wp-block-heading\">DONN\u00c9ES PERSONNELLES<\/h4>\n\n<p>L\u2019utilisateur du site Internet reconna\u00eet disposer de la comp\u00e9tence et des moyens n\u00e9cessaires pour acc\u00e9der et utiliser ce site. Il reconna\u00eet \u00e9galement avoir pris connaissance de la pr\u00e9sente notice l\u00e9gale et s\u2019engage \u00e0 la respecter.<\/p>\n\n<p>En conformit\u00e9 avec les dispositions de la loi du 6 janvier 1978 relative \u00e0 l\u2019informatique, aux fichiers et aux libert\u00e9s, le traitement automatis\u00e9 des donn\u00e9es nominatives r\u00e9alis\u00e9es \u00e0 partir du site Internet a fait l\u2019objet d\u2019une d\u00e9claration aupr\u00e8s de la Commission nationale de l\u2019informatique et des libert\u00e9s (CNIL).<\/p>\n\n<p>L\u2019utilisateur est inform\u00e9 que lors de ses visites sur le site, un cookie peut s\u2019installer automatiquement sur son logiciel de navigation. Un cookie est un \u00e9l\u00e9ment qui ne permet pas d\u2019identifier l\u2019utilisateur mais sert \u00e0 enregistrer des informations relatives \u00e0 la navigation de celui-ci sur le site Internet. L\u2019utilisateur pourra d\u00e9sactiver ce cookie par l\u2019interm\u00e9diaire des param\u00e8tres figurant au sein de son logiciel de navigation.<\/p>\n\n<p>L\u2019utilisateur dispose d\u2019un droit d\u2019acc\u00e8s, de modification, de rectification et de suppression des donn\u00e9es qui le concernent (article 34 de la loi \u00ab Informatique et Libert\u00e9s \u00bb). Pour l\u2019exercer, l\u2019utilisateur peut s\u2019adresser aupr\u00e8s du Directeur de la publication vis\u00e9 plus haut.<\/p>\n\n<p>Toute repr\u00e9sentation totale ou partielle de ce site par quelque proc\u00e9d\u00e9 que ce soit, sans l\u2019autorisation expresse de l\u2019exploitant du site Internet, est interdite et constituerait une contrefa\u00e7on sanctionn\u00e9e par les articles L 335-2 et suivants du Code de la propri\u00e9t\u00e9 intellectuelle.<\/p>\n\n<p>Il en est de m\u00eame des \u00e9ventuelles bases de donn\u00e9es figurant sur le site Internet qui sont prot\u00e9g\u00e9es par les dispositions de la loi du 11 juillet 1998 portant transposition dans le Code de la propri\u00e9t\u00e9 intellectuelle (CPI) de la directive europ\u00e9enne du 11 mars 1996 relative \u00e0 la protection juridique des bases de donn\u00e9es.<\/p>\n\n<p>Les marques de l\u2019exploitant du site Internet et de ses partenaires, ainsi que les logos figurant sur le site sont des marques (semi-figuratives ou non) d\u00e9pos\u00e9es.<\/p>\n\n<p>Les liens hypertextes mis en place dans le cadre du site Internet en direction d\u2019autres ressources pr\u00e9sentes sur le r\u00e9seau de l\u2019Internet, et notamment vers ses partenaires, ont fait l\u2019objet d\u2019une autorisation pr\u00e9alable expresse et \u00e9crite.<\/p>\n\n<p>Les utilisateurs visiteurs du site Internet ne peuvent mettre en place un hyperlien en direction de ce site sans l\u2019autorisation expresse et pr\u00e9alable de l\u2019exploitant du site Internet.<\/p>\n\n\n<h4 class=\"wp-block-heading\">COOKIES<\/h4>\n\n<p>Les cookies sont des petits fichiers textes stock\u00e9s dans votre navigateur lorsque vous consultez notre site, sous r\u00e9serve du param\u00e9trage de votre navigateur. Ces cookies sont utilis\u00e9s pour :<\/p>\n\n\n<ol class=\"wp-block-list\"><\/p>\n<li>\u00c9tablir des statistiques et comptages de fr\u00e9quentation et d\u2019utilisation des diverses rubriques et contenus de notre site afin d&rsquo;am\u00e9liorer son contenu.<\/li>\n\n\n<li>Adapter du contenu publicitaire \u00e0 vos centres d\u2019int\u00e9r\u00eats et, \u00e9ventuellement, \u00e0 votre localit\u00e9, r\u00e9sultant des donn\u00e9es de navigation de votre terminal parmi les rubriques de notre site sans que nous ne collections de donn\u00e9es personnelles permettant de vous identifier directement.<\/li>\n<p><\/ol>\n\n\n<h4 class=\"wp-block-heading\">VOS DROITS<\/h4>\n\n<p>Conform\u00e9ment \u00e0 la loi Informatique et Libert\u00e9s du 6 janvier 1978 modifi\u00e9e, vous disposez de droits d\u2019acc\u00e8s, de rectification et d\u2019opposition aux donn\u00e9es personnelles vous concernant. Vous pouvez exercer ces droits en vous adressant directement \u00e0 la soci\u00e9t\u00e9 NONOSHOW via les moyens de contact mis \u00e0 disposition sur le site.<\/p>\n\n\n\n\n<p>[\/vc_column_text][\/vc_column][\/vc_row]<\/p>\n","protected":false},"excerpt":{"rendered":"<p>[vc_row css=\u00a0\u00bb.vc_custom_1729095725657{margin: 20px !important;}\u00a0\u00bb][vc_column][vc_column_text] Mentions L\u00e9gales Ce site a \u00e9t\u00e9 con\u00e7u et r\u00e9alis\u00e9 par Nonoshow DONN\u00c9ES PERSONNELLES L\u2019utilisateur du site Internet reconna\u00eet disposer de la comp\u00e9tence et des moyens n\u00e9cessaires pour acc\u00e9der et utiliser ce site. Il reconna\u00eet \u00e9galement avoir pris connaissance de la pr\u00e9sente notice l\u00e9gale et s\u2019engage \u00e0 la respecter. En conformit\u00e9 avec &hellip;<\/p>\n","protected":false},"author":1,"featured_media":0,"parent":0,"menu_order":0,"comment_status":"closed","ping_status":"closed","template":"","meta":{"footnotes":""},"class_list":["post-279","page","type-page","status-publish","hentry"],"yoast_head":"<!-- This site is optimized with the Yoast SEO plugin v23.6 - https:\/\/yoast.com\/wordpress\/plugins\/seo\/ -->\n<title>Mentions l\u00e9gales - Nonoshow<\/title>\n<meta name=\"robots\" content=\"index, follow, max-snippet:-1, max-image-preview:large, max-video-preview:-1\" \/>\n<link rel=\"canonical\" href=\"https:\/\/nonoshow.fr\/index.php\/mentions-legales\/\" \/>\n<meta property=\"og:locale\" content=\"fr_FR\" \/>\n<meta property=\"og:type\" content=\"article\" \/>\n<meta property=\"og:title\" content=\"Mentions l\u00e9gales - Nonoshow\" \/>\n<meta property=\"og:description\" content=\"[vc_row css=\u00a0\u00bb.vc_custom_1729095725657{margin: 20px !important;}\u00a0\u00bb][vc_column][vc_column_text] Mentions L\u00e9gales Ce site a \u00e9t\u00e9 con\u00e7u et r\u00e9alis\u00e9 par Nonoshow DONN\u00c9ES PERSONNELLES L\u2019utilisateur du site Internet reconna\u00eet disposer de la comp\u00e9tence et des moyens n\u00e9cessaires pour acc\u00e9der et utiliser ce site. Il reconna\u00eet \u00e9galement avoir pris connaissance de la pr\u00e9sente notice l\u00e9gale et s\u2019engage \u00e0 la respecter. En conformit\u00e9 avec &hellip;\" \/>\n<meta property=\"og:url\" content=\"https:\/\/nonoshow.fr\/index.php\/mentions-legales\/\" \/>\n<meta property=\"og:site_name\" content=\"Nonoshow\" \/>\n<meta property=\"article:modified_time\" content=\"2024-10-16T16:22:10+00:00\" \/>\n<meta name=\"twitter:card\" content=\"summary_large_image\" \/>\n<meta name=\"twitter:label1\" content=\"Dur\u00e9e de lecture estim\u00e9e\" \/>\n\t<meta name=\"twitter:data1\" content=\"3 minutes\" \/>\n<script type=\"application\/ld+json\" class=\"yoast-schema-graph\">{\"@context\":\"https:\/\/schema.org\",\"@graph\":[{\"@type\":\"WebPage\",\"@id\":\"https:\/\/nonoshow.fr\/index.php\/mentions-legales\/\",\"url\":\"https:\/\/nonoshow.fr\/index.php\/mentions-legales\/\",\"name\":\"Mentions l\u00e9gales - Nonoshow\",\"isPartOf\":{\"@id\":\"https:\/\/nonoshow.fr\/#website\"},\"datePublished\":\"2024-10-16T16:16:06+00:00\",\"dateModified\":\"2024-10-16T16:22:10+00:00\",\"breadcrumb\":{\"@id\":\"https:\/\/nonoshow.fr\/index.php\/mentions-legales\/#breadcrumb\"},\"inLanguage\":\"fr-FR\",\"potentialAction\":[{\"@type\":\"ReadAction\",\"target\":[\"https:\/\/nonoshow.fr\/index.php\/mentions-legales\/\"]}]},{\"@type\":\"BreadcrumbList\",\"@id\":\"https:\/\/nonoshow.fr\/index.php\/mentions-legales\/#breadcrumb\",\"itemListElement\":[{\"@type\":\"ListItem\",\"position\":1,\"name\":\"Accueil\",\"item\":\"https:\/\/nonoshow.fr\/\"},{\"@type\":\"ListItem\",\"position\":2,\"name\":\"Mentions l\u00e9gales\"}]},{\"@type\":\"WebSite\",\"@id\":\"https:\/\/nonoshow.fr\/#website\",\"url\":\"https:\/\/nonoshow.fr\/\",\"name\":\"Nonoshow\",\"description\":\"\",\"publisher\":{\"@id\":\"https:\/\/nonoshow.fr\/#organization\"},\"potentialAction\":[{\"@type\":\"SearchAction\",\"target\":{\"@type\":\"EntryPoint\",\"urlTemplate\":\"https:\/\/nonoshow.fr\/?s={search_term_string}\"},\"query-input\":{\"@type\":\"PropertyValueSpecification\",\"valueRequired\":true,\"valueName\":\"search_term_string\"}}],\"inLanguage\":\"fr-FR\"},{\"@type\":\"Organization\",\"@id\":\"https:\/\/nonoshow.fr\/#organization\",\"name\":\"Nonoshow\",\"url\":\"https:\/\/nonoshow.fr\/\",\"logo\":{\"@type\":\"ImageObject\",\"inLanguage\":\"fr-FR\",\"@id\":\"https:\/\/nonoshow.fr\/#\/schema\/logo\/image\/\",\"url\":\"https:\/\/nonoshow.fr\/wp-content\/uploads\/2024\/10\/Capture-decran-2024-10-02-154636.png\",\"contentUrl\":\"https:\/\/nonoshow.fr\/wp-content\/uploads\/2024\/10\/Capture-decran-2024-10-02-154636.png\",\"width\":366,\"height\":120,\"caption\":\"Nonoshow\"},\"image\":{\"@id\":\"https:\/\/nonoshow.fr\/#\/schema\/logo\/image\/\"}}]}<\/script>\n<!-- \/ Yoast SEO plugin. -->","yoast_head_json":{"title":"Mentions l\u00e9gales - Nonoshow","robots":{"index":"index","follow":"follow","max-snippet":"max-snippet:-1","max-image-preview":"max-image-preview:large","max-video-preview":"max-video-preview:-1"},"canonical":"https:\/\/nonoshow.fr\/index.php\/mentions-legales\/","og_locale":"fr_FR","og_type":"article","og_title":"Mentions l\u00e9gales - Nonoshow","og_description":"[vc_row css=\u00a0\u00bb.vc_custom_1729095725657{margin: 20px !important;}\u00a0\u00bb][vc_column][vc_column_text] Mentions L\u00e9gales Ce site a \u00e9t\u00e9 con\u00e7u et r\u00e9alis\u00e9 par Nonoshow DONN\u00c9ES PERSONNELLES L\u2019utilisateur du site Internet reconna\u00eet disposer de la comp\u00e9tence et des moyens n\u00e9cessaires pour acc\u00e9der et utiliser ce site. Il reconna\u00eet \u00e9galement avoir pris connaissance de la pr\u00e9sente notice l\u00e9gale et s\u2019engage \u00e0 la respecter. En conformit\u00e9 avec &hellip;","og_url":"https:\/\/nonoshow.fr\/index.php\/mentions-legales\/","og_site_name":"Nonoshow","article_modified_time":"2024-10-16T16:22:10+00:00","twitter_card":"summary_large_image","twitter_misc":{"Dur\u00e9e de lecture estim\u00e9e":"3 minutes"},"schema":{"@context":"https:\/\/schema.org","@graph":[{"@type":"WebPage","@id":"https:\/\/nonoshow.fr\/index.php\/mentions-legales\/","url":"https:\/\/nonoshow.fr\/index.php\/mentions-legales\/","name":"Mentions l\u00e9gales - Nonoshow","isPartOf":{"@id":"https:\/\/nonoshow.fr\/#website"},"datePublished":"2024-10-16T16:16:06+00:00","dateModified":"2024-10-16T16:22:10+00:00","breadcrumb":{"@id":"https:\/\/nonoshow.fr\/index.php\/mentions-legales\/#breadcrumb"},"inLanguage":"fr-FR","potentialAction":[{"@type":"ReadAction","target":["https:\/\/nonoshow.fr\/index.php\/mentions-legales\/"]}]},{"@type":"BreadcrumbList","@id":"https:\/\/nonoshow.fr\/index.php\/mentions-legales\/#breadcrumb","itemListElement":[{"@type":"ListItem","position":1,"name":"Accueil","item":"https:\/\/nonoshow.fr\/"},{"@type":"ListItem","position":2,"name":"Mentions l\u00e9gales"}]},{"@type":"WebSite","@id":"https:\/\/nonoshow.fr\/#website","url":"https:\/\/nonoshow.fr\/","name":"Nonoshow","description":"","publisher":{"@id":"https:\/\/nonoshow.fr\/#organization"},"potentialAction":[{"@type":"SearchAction","target":{"@type":"EntryPoint","urlTemplate":"https:\/\/nonoshow.fr\/?s={search_term_string}"},"query-input":{"@type":"PropertyValueSpecification","valueRequired":true,"valueName":"search_term_string"}}],"inLanguage":"fr-FR"},{"@type":"Organization","@id":"https:\/\/nonoshow.fr\/#organization","name":"Nonoshow","url":"https:\/\/nonoshow.fr\/","logo":{"@type":"ImageObject","inLanguage":"fr-FR","@id":"https:\/\/nonoshow.fr\/#\/schema\/logo\/image\/","url":"https:\/\/nonoshow.fr\/wp-content\/uploads\/2024\/10\/Capture-decran-2024-10-02-154636.png","contentUrl":"https:\/\/nonoshow.fr\/wp-content\/uploads\/2024\/10\/Capture-decran-2024-10-02-154636.png","width":366,"height":120,"caption":"Nonoshow"},"image":{"@id":"https:\/\/nonoshow.fr\/#\/schema\/logo\/image\/"}}]}},"_links":{"self":[{"href":"https:\/\/nonoshow.fr\/index.php\/wp-json\/wp\/v2\/pages\/279","targetHints":{"allow":["GET"]}}],"collection":[{"href":"https:\/\/nonoshow.fr\/index.php\/wp-json\/wp\/v2\/pages"}],"about":[{"href":"https:\/\/nonoshow.fr\/index.php\/wp-json\/wp\/v2\/types\/page"}],"author":[{"embeddable":true,"href":"https:\/\/nonoshow.fr\/index.php\/wp-json\/wp\/v2\/users\/1"}],"replies":[{"embeddable":true,"href":"https:\/\/nonoshow.fr\/index.php\/wp-json\/wp\/v2\/comments?post=279"}],"version-history":[{"count":5,"href":"https:\/\/nonoshow.fr\/index.php\/wp-json\/wp\/v2\/pages\/279\/revisions"}],"predecessor-version":[{"id":288,"href":"https:\/\/nonoshow.fr\/index.php\/wp-json\/wp\/v2\/pages\/279\/revisions\/288"}],"wp:attachment":[{"href":"https:\/\/nonoshow.fr\/index.php\/wp-json\/wp\/v2\/media?parent=279"}],"curies":[{"name":"wp","href":"https:\/\/api.w.org\/{rel}","templated":true}]}}