{"id":134,"date":"2024-10-08T18:24:59","date_gmt":"2024-10-08T18:24:59","guid":{"rendered":"https:\/\/quirky-jang.54-37-30-71.plesk.page\/?page_id=134"},"modified":"2024-10-17T08:22:17","modified_gmt":"2024-10-17T08:22:17","slug":"qui-sommes-nous","status":"publish","type":"page","link":"https:\/\/nonoshow.fr\/index.php\/qui-sommes-nous\/","title":{"rendered":"Qui sommes nous ?"},"content":{"rendered":"<p>[vc_row full_width=\u00a0\u00bbstretch_row\u00a0\u00bb css=\u00a0\u00bb.vc_custom_1729095323298{background-color: #f5f0ea !important;}\u00a0\u00bb][vc_column][vc_column_text]<\/p>\n<h1 style=\"text-align: center;\">Qui sommes nous ?<\/h1>\n<p>[\/vc_column_text][vc_single_image image=\u00a0\u00bb251&Prime; img_size=\u00a0\u00bbfull\u00a0\u00bb alignment=\u00a0\u00bbcenter\u00a0\u00bb][vc_row_inner][vc_column_inner width=\u00a0\u00bb1\/4&Prime;][\/vc_column_inner][vc_column_inner width=\u00a0\u00bb1\/2&Prime;][vc_column_text]<\/p>\n<h4 style=\"text-align: center;\">NoNoShow, fond\u00e9e en 2022 en France, s&rsquo;engage \u00e0 fournir aux professionnels de divers secteurs une solution de r\u00e9servation en ligne efficace.<\/h4>\n<h4 style=\"text-align: center;\">Notre concept : Notre innovation r\u00e9side dans notre syst\u00e8me d&rsquo;acompte, con\u00e7u pour r\u00e9pondre aux besoins des professionnels confront\u00e9s aux annulations de derni\u00e8re minute.<\/h4>\n<h4 style=\"text-align: center;\">Nous savons que le temps est pr\u00e9cieux et que chaque cr\u00e9neau perdu repr\u00e9sente une opportunit\u00e9 manqu\u00e9e. Avec NoNoShow, vous pouvez dire adieu aux d\u00e9sagr\u00e9ments caus\u00e9s par les absences non pr\u00e9vues.<\/h4>\n<h4 style=\"text-align: center;\">Les rendez-vous manqu\u00e9s sont monnaie courante et impactent n\u00e9gativement les activit\u00e9s des professionnels. C&rsquo;est pourquoi nous sommes l\u00e0 pour vous aider \u00e0 optimiser votre fonctionnement et \u00e0 minimiser les pertes.<\/h4>\n<h4 style=\"text-align: center;\">Notre objectif est clair : mettre fin aux pertes inutiles. En choisissant NoNoShow, vous b\u00e9n\u00e9ficiez d&rsquo;un service qui encourage les clients \u00e0 respecter leurs engagements, r\u00e9duisant ainsi vos pertes financi\u00e8res. Nous aspirons \u00e0 \u00e9largir notre empreinte en ligne, gr\u00e2ce \u00e0 notre engagement envers la qualit\u00e9 et \u00e0 la confiance que nous inspirons \u00e0 nos utilisateurs.<\/h4>\n<p>[\/vc_column_text][\/vc_column_inner][vc_column_inner width=\u00a0\u00bb1\/4&Prime;][\/vc_column_inner][\/vc_row_inner][\/vc_column][\/vc_row]<\/p>\n","protected":false},"excerpt":{"rendered":"<p>[vc_row full_width=\u00a0\u00bbstretch_row\u00a0\u00bb css=\u00a0\u00bb.vc_custom_1729095323298{background-color: #f5f0ea !important;}\u00a0\u00bb][vc_column][vc_column_text] Qui sommes nous ? [\/vc_column_text][vc_single_image image=\u00a0\u00bb251&Prime; img_size=\u00a0\u00bbfull\u00a0\u00bb alignment=\u00a0\u00bbcenter\u00a0\u00bb][vc_row_inner][vc_column_inner width=\u00a0\u00bb1\/4&Prime;][\/vc_column_inner][vc_column_inner width=\u00a0\u00bb1\/2&Prime;][vc_column_text] NoNoShow, fond\u00e9e en 2022 en France, s&rsquo;engage \u00e0 fournir aux professionnels de divers secteurs une solution de r\u00e9servation en ligne efficace. Notre concept : Notre innovation r\u00e9side dans notre syst\u00e8me d&rsquo;acompte, con\u00e7u pour r\u00e9pondre aux besoins des professionnels confront\u00e9s aux &hellip;<\/p>\n","protected":false},"author":1,"featured_media":0,"parent":0,"menu_order":0,"comment_status":"closed","ping_status":"closed","template":"","meta":{"footnotes":""},"class_list":["post-134","page","type-page","status-publish","hentry"],"yoast_head":"<!-- This site is optimized with the Yoast SEO plugin v23.6 - https:\/\/yoast.com\/wordpress\/plugins\/seo\/ -->\n<title>Qui sommes nous ? - Nonoshow<\/title>\n<meta name=\"robots\" content=\"index, follow, max-snippet:-1, max-image-preview:large, max-video-preview:-1\" \/>\n<link rel=\"canonical\" href=\"https:\/\/nonoshow.fr\/index.php\/qui-sommes-nous\/\" \/>\n<meta property=\"og:locale\" content=\"fr_FR\" \/>\n<meta property=\"og:type\" content=\"article\" \/>\n<meta property=\"og:title\" content=\"Qui sommes nous ? - Nonoshow\" \/>\n<meta property=\"og:description\" content=\"[vc_row full_width=\u00a0\u00bbstretch_row\u00a0\u00bb css=\u00a0\u00bb.vc_custom_1729095323298{background-color: #f5f0ea !important;}\u00a0\u00bb][vc_column][vc_column_text] Qui sommes nous ? [\/vc_column_text][vc_single_image image=\u00a0\u00bb251&Prime; img_size=\u00a0\u00bbfull\u00a0\u00bb alignment=\u00a0\u00bbcenter\u00a0\u00bb][vc_row_inner][vc_column_inner width=\u00a0\u00bb1\/4&Prime;][\/vc_column_inner][vc_column_inner width=\u00a0\u00bb1\/2&Prime;][vc_column_text] NoNoShow, fond\u00e9e en 2022 en France, s&rsquo;engage \u00e0 fournir aux professionnels de divers secteurs une solution de r\u00e9servation en ligne efficace. Notre concept : Notre innovation r\u00e9side dans notre syst\u00e8me d&rsquo;acompte, con\u00e7u pour r\u00e9pondre aux besoins des professionnels confront\u00e9s aux &hellip;\" \/>\n<meta property=\"og:url\" content=\"https:\/\/nonoshow.fr\/index.php\/qui-sommes-nous\/\" \/>\n<meta property=\"og:site_name\" content=\"Nonoshow\" \/>\n<meta property=\"article:modified_time\" content=\"2024-10-17T08:22:17+00:00\" \/>\n<meta name=\"twitter:card\" content=\"summary_large_image\" \/>\n<meta name=\"twitter:label1\" content=\"Dur\u00e9e de lecture estim\u00e9e\" \/>\n\t<meta name=\"twitter:data1\" content=\"1 minute\" \/>\n<script type=\"application\/ld+json\" class=\"yoast-schema-graph\">{\"@context\":\"https:\/\/schema.org\",\"@graph\":[{\"@type\":\"WebPage\",\"@id\":\"https:\/\/nonoshow.fr\/index.php\/qui-sommes-nous\/\",\"url\":\"https:\/\/nonoshow.fr\/index.php\/qui-sommes-nous\/\",\"name\":\"Qui sommes nous ? - Nonoshow\",\"isPartOf\":{\"@id\":\"https:\/\/nonoshow.fr\/#website\"},\"datePublished\":\"2024-10-08T18:24:59+00:00\",\"dateModified\":\"2024-10-17T08:22:17+00:00\",\"breadcrumb\":{\"@id\":\"https:\/\/nonoshow.fr\/index.php\/qui-sommes-nous\/#breadcrumb\"},\"inLanguage\":\"fr-FR\",\"potentialAction\":[{\"@type\":\"ReadAction\",\"target\":[\"https:\/\/nonoshow.fr\/index.php\/qui-sommes-nous\/\"]}]},{\"@type\":\"BreadcrumbList\",\"@id\":\"https:\/\/nonoshow.fr\/index.php\/qui-sommes-nous\/#breadcrumb\",\"itemListElement\":[{\"@type\":\"ListItem\",\"position\":1,\"name\":\"Accueil\",\"item\":\"https:\/\/nonoshow.fr\/\"},{\"@type\":\"ListItem\",\"position\":2,\"name\":\"Qui sommes nous ?\"}]},{\"@type\":\"WebSite\",\"@id\":\"https:\/\/nonoshow.fr\/#website\",\"url\":\"https:\/\/nonoshow.fr\/\",\"name\":\"Nonoshow\",\"description\":\"\",\"publisher\":{\"@id\":\"https:\/\/nonoshow.fr\/#organization\"},\"potentialAction\":[{\"@type\":\"SearchAction\",\"target\":{\"@type\":\"EntryPoint\",\"urlTemplate\":\"https:\/\/nonoshow.fr\/?s={search_term_string}\"},\"query-input\":{\"@type\":\"PropertyValueSpecification\",\"valueRequired\":true,\"valueName\":\"search_term_string\"}}],\"inLanguage\":\"fr-FR\"},{\"@type\":\"Organization\",\"@id\":\"https:\/\/nonoshow.fr\/#organization\",\"name\":\"Nonoshow\",\"url\":\"https:\/\/nonoshow.fr\/\",\"logo\":{\"@type\":\"ImageObject\",\"inLanguage\":\"fr-FR\",\"@id\":\"https:\/\/nonoshow.fr\/#\/schema\/logo\/image\/\",\"url\":\"https:\/\/nonoshow.fr\/wp-content\/uploads\/2024\/10\/Capture-decran-2024-10-02-154636.png\",\"contentUrl\":\"https:\/\/nonoshow.fr\/wp-content\/uploads\/2024\/10\/Capture-decran-2024-10-02-154636.png\",\"width\":366,\"height\":120,\"caption\":\"Nonoshow\"},\"image\":{\"@id\":\"https:\/\/nonoshow.fr\/#\/schema\/logo\/image\/\"}}]}<\/script>\n<!-- \/ Yoast SEO plugin. -->","yoast_head_json":{"title":"Qui sommes nous ? - Nonoshow","robots":{"index":"index","follow":"follow","max-snippet":"max-snippet:-1","max-image-preview":"max-image-preview:large","max-video-preview":"max-video-preview:-1"},"canonical":"https:\/\/nonoshow.fr\/index.php\/qui-sommes-nous\/","og_locale":"fr_FR","og_type":"article","og_title":"Qui sommes nous ? - Nonoshow","og_description":"[vc_row full_width=\u00a0\u00bbstretch_row\u00a0\u00bb css=\u00a0\u00bb.vc_custom_1729095323298{background-color: #f5f0ea !important;}\u00a0\u00bb][vc_column][vc_column_text] Qui sommes nous ? [\/vc_column_text][vc_single_image image=\u00a0\u00bb251&Prime; img_size=\u00a0\u00bbfull\u00a0\u00bb alignment=\u00a0\u00bbcenter\u00a0\u00bb][vc_row_inner][vc_column_inner width=\u00a0\u00bb1\/4&Prime;][\/vc_column_inner][vc_column_inner width=\u00a0\u00bb1\/2&Prime;][vc_column_text] NoNoShow, fond\u00e9e en 2022 en France, s&rsquo;engage \u00e0 fournir aux professionnels de divers secteurs une solution de r\u00e9servation en ligne efficace. Notre concept : Notre innovation r\u00e9side dans notre syst\u00e8me d&rsquo;acompte, con\u00e7u pour r\u00e9pondre aux besoins des professionnels confront\u00e9s aux &hellip;","og_url":"https:\/\/nonoshow.fr\/index.php\/qui-sommes-nous\/","og_site_name":"Nonoshow","article_modified_time":"2024-10-17T08:22:17+00:00","twitter_card":"summary_large_image","twitter_misc":{"Dur\u00e9e de lecture estim\u00e9e":"1 minute"},"schema":{"@context":"https:\/\/schema.org","@graph":[{"@type":"WebPage","@id":"https:\/\/nonoshow.fr\/index.php\/qui-sommes-nous\/","url":"https:\/\/nonoshow.fr\/index.php\/qui-sommes-nous\/","name":"Qui sommes nous ? - Nonoshow","isPartOf":{"@id":"https:\/\/nonoshow.fr\/#website"},"datePublished":"2024-10-08T18:24:59+00:00","dateModified":"2024-10-17T08:22:17+00:00","breadcrumb":{"@id":"https:\/\/nonoshow.fr\/index.php\/qui-sommes-nous\/#breadcrumb"},"inLanguage":"fr-FR","potentialAction":[{"@type":"ReadAction","target":["https:\/\/nonoshow.fr\/index.php\/qui-sommes-nous\/"]}]},{"@type":"BreadcrumbList","@id":"https:\/\/nonoshow.fr\/index.php\/qui-sommes-nous\/#breadcrumb","itemListElement":[{"@type":"ListItem","position":1,"name":"Accueil","item":"https:\/\/nonoshow.fr\/"},{"@type":"ListItem","position":2,"name":"Qui sommes nous ?"}]},{"@type":"WebSite","@id":"https:\/\/nonoshow.fr\/#website","url":"https:\/\/nonoshow.fr\/","name":"Nonoshow","description":"","publisher":{"@id":"https:\/\/nonoshow.fr\/#organization"},"potentialAction":[{"@type":"SearchAction","target":{"@type":"EntryPoint","urlTemplate":"https:\/\/nonoshow.fr\/?s={search_term_string}"},"query-input":{"@type":"PropertyValueSpecification","valueRequired":true,"valueName":"search_term_string"}}],"inLanguage":"fr-FR"},{"@type":"Organization","@id":"https:\/\/nonoshow.fr\/#organization","name":"Nonoshow","url":"https:\/\/nonoshow.fr\/","logo":{"@type":"ImageObject","inLanguage":"fr-FR","@id":"https:\/\/nonoshow.fr\/#\/schema\/logo\/image\/","url":"https:\/\/nonoshow.fr\/wp-content\/uploads\/2024\/10\/Capture-decran-2024-10-02-154636.png","contentUrl":"https:\/\/nonoshow.fr\/wp-content\/uploads\/2024\/10\/Capture-decran-2024-10-02-154636.png","width":366,"height":120,"caption":"Nonoshow"},"image":{"@id":"https:\/\/nonoshow.fr\/#\/schema\/logo\/image\/"}}]}},"_links":{"self":[{"href":"https:\/\/nonoshow.fr\/index.php\/wp-json\/wp\/v2\/pages\/134","targetHints":{"allow":["GET"]}}],"collection":[{"href":"https:\/\/nonoshow.fr\/index.php\/wp-json\/wp\/v2\/pages"}],"about":[{"href":"https:\/\/nonoshow.fr\/index.php\/wp-json\/wp\/v2\/types\/page"}],"author":[{"embeddable":true,"href":"https:\/\/nonoshow.fr\/index.php\/wp-json\/wp\/v2\/users\/1"}],"replies":[{"embeddable":true,"href":"https:\/\/nonoshow.fr\/index.php\/wp-json\/wp\/v2\/comments?post=134"}],"version-history":[{"count":12,"href":"https:\/\/nonoshow.fr\/index.php\/wp-json\/wp\/v2\/pages\/134\/revisions"}],"predecessor-version":[{"id":295,"href":"https:\/\/nonoshow.fr\/index.php\/wp-json\/wp\/v2\/pages\/134\/revisions\/295"}],"wp:attachment":[{"href":"https:\/\/nonoshow.fr\/index.php\/wp-json\/wp\/v2\/media?parent=134"}],"curies":[{"name":"wp","href":"https:\/\/api.w.org\/{rel}","templated":true}]}}